{"id":5169,"date":"2021-03-19T15:37:27","date_gmt":"2021-03-19T14:37:27","guid":{"rendered":"https:\/\/www.weingut-tesch.de\/professionals\/register\/"},"modified":"2025-11-26T19:03:46","modified_gmt":"2025-11-26T18:03:46","slug":"register","status":"publish","type":"page","link":"https:\/\/www.weingut-tesch.de\/professionals\/register\/","title":{"rendered":"Registrieren"},"content":{"rendered":"\n<div class=\"um um-register um-5163\">\n\t<div class=\"um-form\" data-mode=\"register\">\n\t\t<form method=\"post\" action=\"\">\n\t\t\t<div class=\"um-row _um_row_1 \" style=\"margin: 0 0 30px 0;\"><div class=\"um-col-1\"><div  id=\"um_field_5163_tesch_branch\" class=\"um-field um-field-select  um-field-tesch_branch um-field-select um-field-type_select\" data-key=\"tesch_branch\"><div class=\"um-field-label\"><label for=\"tesch_branch-5163\">Branche<\/label><div class=\"um-clear\"><\/div><\/div><div class=\"um-field-area  \"><select data-default=\"\"     name=\"tesch_branch\" id=\"tesch_branch\" data-validate=\"\" data-key=\"tesch_branch\" class=\"um-form-field valid um-s1 \" style=\"width: 100%\" data-placeholder=\"\"   aria-invalid=\"false\" ><option value=\"\"><\/option><option value=\"Weinhandel\" >Weinhandel<\/option><option value=\"Gastronomie\" >Gastronomie<\/option><option value=\"Journalist\" >Journalist<\/option><\/select><\/div><\/div><div  id=\"um_field_5163_tesch_company\" class=\"um-field um-field-text  um-field-tesch_company um-field-text um-field-type_text\" data-key=\"tesch_company\"><div class=\"um-field-label\"><label for=\"tesch_company-5163\">Firma<\/label><div class=\"um-clear\"><\/div><\/div><div class=\"um-field-area\"><input  autocomplete=\"off\" class=\"um-form-field valid \" type=\"text\" name=\"tesch_company-5163\" id=\"tesch_company-5163\" value=\"\" placeholder=\"\" data-validate=\"\" data-key=\"tesch_company\"  aria-invalid=\"false\" \/>\n\n\t\t\t\t\t\t<\/div><\/div><\/div><div class=\"um-col-121\"><div  id=\"um_field_5163_first_name\" class=\"um-field um-field-text  um-field-first_name um-field-text um-field-type_text\" data-key=\"first_name\"><div class=\"um-field-label\"><label for=\"first_name-5163\">Vorname<\/label><div class=\"um-clear\"><\/div><\/div><div class=\"um-field-area\"><input  autocomplete=\"off\" class=\"um-form-field valid \" type=\"text\" name=\"first_name-5163\" id=\"first_name-5163\" value=\"\" placeholder=\"\" data-validate=\"\" data-key=\"first_name\"  aria-invalid=\"false\" \/>\n\n\t\t\t\t\t\t<\/div><\/div><\/div><div class=\"um-col-122\"><div  id=\"um_field_5163_last_name\" class=\"um-field um-field-text  um-field-last_name um-field-text um-field-type_text\" data-key=\"last_name\"><div class=\"um-field-label\"><label for=\"last_name-5163\">Nachname<\/label><div class=\"um-clear\"><\/div><\/div><div class=\"um-field-area\"><input  autocomplete=\"off\" class=\"um-form-field valid \" type=\"text\" name=\"last_name-5163\" id=\"last_name-5163\" value=\"\" placeholder=\"\" data-validate=\"\" data-key=\"last_name\"  aria-invalid=\"false\" \/>\n\n\t\t\t\t\t\t<\/div><\/div><\/div><div class=\"um-clear\"><\/div><div class=\"um-col-1\"><div  id=\"um_field_5163_tesch_position\" class=\"um-field um-field-text  um-field-tesch_position um-field-text um-field-type_text\" data-key=\"tesch_position\"><div class=\"um-field-label\"><label for=\"tesch_position-5163\">Position<\/label><div class=\"um-clear\"><\/div><\/div><div class=\"um-field-area\"><input  autocomplete=\"off\" class=\"um-form-field valid \" type=\"text\" name=\"tesch_position-5163\" id=\"tesch_position-5163\" value=\"\" placeholder=\"\" data-validate=\"\" data-key=\"tesch_position\"  aria-invalid=\"false\" \/>\n\n\t\t\t\t\t\t<\/div><\/div><div  id=\"um_field_5163_country\" class=\"um-field um-field-select  um-field-country um-field-select um-field-type_select\" data-key=\"country\"><div class=\"um-field-label\"><label for=\"country-5163\">Land<\/label><div class=\"um-clear\"><\/div><\/div><div class=\"um-field-area  \"><select data-default=\"\"     name=\"country\" id=\"country\" data-validate=\"\" data-key=\"country\" class=\"um-form-field valid um-s1 \" style=\"width: 100%\" data-placeholder=\"W\u00e4hle ein Land\"   aria-invalid=\"false\" ><option value=\"\"><\/option><option value=\"Afghanistan\" >Afghanistan<\/option><option value=\"\u00c5land\" >\u00c5land<\/option><option value=\"Albanien\" >Albanien<\/option><option value=\"Algerien\" >Algerien<\/option><option value=\"Amerikanisch-Samoa\" >Amerikanisch-Samoa<\/option><option value=\"Andorra\" >Andorra<\/option><option value=\"Angola\" >Angola<\/option><option value=\"Anguilla\" >Anguilla<\/option><option value=\"Antarktika\" >Antarktika<\/option><option value=\"Antigua und Barbuda\" >Antigua und Barbuda<\/option><option value=\"Argentinien\" >Argentinien<\/option><option value=\"Armenien\" >Armenien<\/option><option value=\"Aruba\" >Aruba<\/option><option value=\"Australien\" >Australien<\/option><option value=\"\u00d6sterreich\" >\u00d6sterreich<\/option><option value=\"Aserbaidschan\" >Aserbaidschan<\/option><option value=\"Bahamas\" >Bahamas<\/option><option value=\"Bahrain\" >Bahrain<\/option><option value=\"Bangladesch\" >Bangladesch<\/option><option value=\"Barbados\" >Barbados<\/option><option value=\"Wei\u00dfrussland\" >Wei\u00dfrussland<\/option><option value=\"Belgien\" >Belgien<\/option><option value=\"Belize\" >Belize<\/option><option value=\"Benin\" >Benin<\/option><option value=\"Bermuda\" >Bermuda<\/option><option value=\"Bhutan\" >Bhutan<\/option><option value=\"Bolivien\" >Bolivien<\/option><option value=\"Bosnien und Herzegowina\" >Bosnien und Herzegowina<\/option><option value=\"Botswana\" >Botswana<\/option><option value=\"Bouvetinsel\" >Bouvetinsel<\/option><option value=\"Brasilien\" >Brasilien<\/option><option value=\"Britisches Territorium im Indischen Ozean\" >Britisches Territorium im Indischen Ozean<\/option><option value=\"Brunei\" >Brunei<\/option><option value=\"Bulgarien\" >Bulgarien<\/option><option value=\"Burkina Faso\" >Burkina Faso<\/option><option value=\"Burundi\" >Burundi<\/option><option value=\"Kambodscha\" >Kambodscha<\/option><option value=\"Kamerun\" >Kamerun<\/option><option value=\"Kanada\" >Kanada<\/option><option value=\"Kap Verde\" >Kap Verde<\/option><option value=\"Caymaninseln\" >Caymaninseln<\/option><option value=\"Zentralafrikanische Republik\" >Zentralafrikanische Republik<\/option><option value=\"Tschad\" >Tschad<\/option><option value=\"Chile\" >Chile<\/option><option value=\"China\" >China<\/option><option value=\"Weihnachtsinsel\" >Weihnachtsinsel<\/option><option value=\"Kokosinseln\" >Kokosinseln<\/option><option value=\"Kolumbien\" >Kolumbien<\/option><option value=\"Komoren\" >Komoren<\/option><option value=\"Kongo\" >Kongo<\/option><option value=\"Kongo\" >Kongo<\/option><option value=\"Cookinseln\" >Cookinseln<\/option><option value=\"Costa Rica\" >Costa Rica<\/option><option value=\"Elfenbeink\u00fcste\" >Elfenbeink\u00fcste<\/option><option value=\"Kroatien\" >Kroatien<\/option><option value=\"Kuba\" >Kuba<\/option><option value=\"Zypern\" >Zypern<\/option><option value=\"Tschechien\" >Tschechien<\/option><option value=\"D\u00e4nemark\" >D\u00e4nemark<\/option><option value=\"Dschibuti\" >Dschibuti<\/option><option value=\"Dominica\" >Dominica<\/option><option value=\"Dominikanische Republik\" >Dominikanische Republik<\/option><option value=\"Ecuador\" >Ecuador<\/option><option value=\"\u00c4gypten\" >\u00c4gypten<\/option><option value=\"El Salvador\" >El Salvador<\/option><option value=\"\u00c4quatorialguinea\" >\u00c4quatorialguinea<\/option><option value=\"Eritrea\" >Eritrea<\/option><option value=\"Estland\" >Estland<\/option><option value=\"\u00c4thiopien\" >\u00c4thiopien<\/option><option value=\"Falklandinseln\" >Falklandinseln<\/option><option value=\"F\u00e4r\u00f6er\" >F\u00e4r\u00f6er<\/option><option value=\"Fidschi\" >Fidschi<\/option><option value=\"Finnland\" >Finnland<\/option><option value=\"Frankreich\" >Frankreich<\/option><option value=\"Franz\u00f6sisch-Guayana\" >Franz\u00f6sisch-Guayana<\/option><option value=\"Franz\u00f6sisch-Polynesien\" >Franz\u00f6sisch-Polynesien<\/option><option value=\"Franz\u00f6sische S\u00fcd- und Antarktisgebiete\" >Franz\u00f6sische S\u00fcd- und Antarktisgebiete<\/option><option value=\"Gabun\" >Gabun<\/option><option value=\"Gambia\" >Gambia<\/option><option value=\"Georgien\" >Georgien<\/option><option value=\"Deutschland\" >Deutschland<\/option><option value=\"Ghana\" >Ghana<\/option><option value=\"Gibraltar\" >Gibraltar<\/option><option value=\"Griechenland\" >Griechenland<\/option><option value=\"Gr\u00f6nland\" >Gr\u00f6nland<\/option><option value=\"Grenada\" >Grenada<\/option><option value=\"Guadeloupe\" >Guadeloupe<\/option><option value=\"Guam\" >Guam<\/option><option value=\"Guatemala\" >Guatemala<\/option><option value=\"Guernsey\" >Guernsey<\/option><option value=\"Guinea\" >Guinea<\/option><option value=\"Guinea-Bissau\" >Guinea-Bissau<\/option><option value=\"Guyana\" >Guyana<\/option><option value=\"Haiti\" >Haiti<\/option><option value=\"Heard und McDonaldinseln\" >Heard und McDonaldinseln<\/option><option value=\"Vatikanstadt\" >Vatikanstadt<\/option><option value=\"Honduras\" >Honduras<\/option><option value=\"Hongkong\" >Hongkong<\/option><option value=\"Ungarn\" >Ungarn<\/option><option value=\"Island\" >Island<\/option><option value=\"Indien\" >Indien<\/option><option value=\"Indonesien\" >Indonesien<\/option><option value=\"Iran\" >Iran<\/option><option value=\"Irak\" >Irak<\/option><option value=\"Irland\" >Irland<\/option><option value=\"Isle of Man\" >Isle of Man<\/option><option value=\"Israel\" >Israel<\/option><option value=\"Italien\" >Italien<\/option><option value=\"Jamaika\" >Jamaika<\/option><option value=\"Japan\" >Japan<\/option><option value=\"Jersey\" >Jersey<\/option><option value=\"Jordanien\" >Jordanien<\/option><option value=\"Kasachstan\" >Kasachstan<\/option><option value=\"Kenia\" >Kenia<\/option><option value=\"Kiribati\" >Kiribati<\/option><option value=\"Nordkorea\" >Nordkorea<\/option><option value=\"S\u00fcdkorea\" >S\u00fcdkorea<\/option><option value=\"Kuwait\" >Kuwait<\/option><option value=\"Kirgisistan\" >Kirgisistan<\/option><option value=\"Laos\" >Laos<\/option><option value=\"Lettland\" >Lettland<\/option><option value=\"Libanon\" >Libanon<\/option><option value=\"Lesotho\" >Lesotho<\/option><option value=\"Liberia\" >Liberia<\/option><option value=\"Libyen\" >Libyen<\/option><option value=\"Liechtenstein\" >Liechtenstein<\/option><option value=\"Litauen\" >Litauen<\/option><option value=\"Luxemburg\" >Luxemburg<\/option><option value=\"Macau\" >Macau<\/option><option value=\"Mazedonien\" >Mazedonien<\/option><option value=\"Madagaskar\" >Madagaskar<\/option><option value=\"Malawi\" >Malawi<\/option><option value=\"Malaysia\" >Malaysia<\/option><option value=\"Malediven\" >Malediven<\/option><option value=\"Mali\" >Mali<\/option><option value=\"Malta\" >Malta<\/option><option value=\"Marshallinseln\" >Marshallinseln<\/option><option value=\"Martinique\" >Martinique<\/option><option value=\"Mauretanien\" >Mauretanien<\/option><option value=\"Mauritius\" >Mauritius<\/option><option value=\"Mayotte\" >Mayotte<\/option><option value=\"Mexiko\" >Mexiko<\/option><option value=\"Mikronesien\" >Mikronesien<\/option><option value=\"Moldawien\" >Moldawien<\/option><option value=\"Monaco\" >Monaco<\/option><option value=\"Mongolei\" >Mongolei<\/option><option value=\"Montenegro\" >Montenegro<\/option><option value=\"Montserrat\" >Montserrat<\/option><option value=\"Marokko\" >Marokko<\/option><option value=\"Mosambik\" >Mosambik<\/option><option value=\"Myanmar\" >Myanmar<\/option><option value=\"Namibia\" >Namibia<\/option><option value=\"Nauru\" >Nauru<\/option><option value=\"Nepal\" >Nepal<\/option><option value=\"Niederlande\" >Niederlande<\/option><option value=\"Niederl\u00e4ndische Antillen\" >Niederl\u00e4ndische Antillen<\/option><option value=\"Neukaledonien\" >Neukaledonien<\/option><option value=\"Neuseeland\" >Neuseeland<\/option><option value=\"Nicaragua\" >Nicaragua<\/option><option value=\"Niger\" >Niger<\/option><option value=\"Nigeria\" >Nigeria<\/option><option value=\"Niue\" >Niue<\/option><option value=\"Norfolkinsel\" >Norfolkinsel<\/option><option value=\"N\u00f6rdliche Marianen\" >N\u00f6rdliche Marianen<\/option><option value=\"Norwegen\" >Norwegen<\/option><option value=\"Oman\" >Oman<\/option><option value=\"Pakistan\" >Pakistan<\/option><option value=\"Palau\" >Palau<\/option><option value=\"Pal\u00e4stina\" >Pal\u00e4stina<\/option><option value=\"Panama\" >Panama<\/option><option value=\"Papua-Neuguinea\" >Papua-Neuguinea<\/option><option value=\"Paraguay\" >Paraguay<\/option><option value=\"Peru\" >Peru<\/option><option value=\"Philippinen\" >Philippinen<\/option><option value=\"Pitcairninseln\" >Pitcairninseln<\/option><option value=\"Polen\" >Polen<\/option><option value=\"Portugal\" >Portugal<\/option><option value=\"Puerto Rico\" >Puerto Rico<\/option><option value=\"Katar\" >Katar<\/option><option value=\"R\u00e9union\" >R\u00e9union<\/option><option value=\"Rum\u00e4nien\" >Rum\u00e4nien<\/option><option value=\"Russland\" >Russland<\/option><option value=\"Ruanda\" >Ruanda<\/option><option value=\"Saint-Barth\u00e9lemy\" >Saint-Barth\u00e9lemy<\/option><option value=\"St. Helena\" >St. Helena<\/option><option value=\"St. Kitts und Nevis\" >St. Kitts und Nevis<\/option><option value=\"St. Lucia\" >St. Lucia<\/option><option value=\"St. Martin (franz\u00f6sischer Teil)\" >St. Martin (franz\u00f6sischer Teil)<\/option><option value=\"Saint-Pierre und Miquelon\" >Saint-Pierre und Miquelon<\/option><option value=\"St. Vincent und die Grenadinen\" >St. Vincent und die Grenadinen<\/option><option value=\"Samoa\" >Samoa<\/option><option value=\"San Marino\" >San Marino<\/option><option value=\"S\u00e3o Tom\u00e9 und Pr\u00edncipe\" >S\u00e3o Tom\u00e9 und Pr\u00edncipe<\/option><option value=\"Saudi-Arabien\" >Saudi-Arabien<\/option><option value=\"Senegal\" >Senegal<\/option><option value=\"Serbien\" >Serbien<\/option><option value=\"Seychellen\" >Seychellen<\/option><option value=\"Sierra Leone\" >Sierra Leone<\/option><option value=\"Singapur\" >Singapur<\/option><option value=\"Slowakei\" >Slowakei<\/option><option value=\"Slowenien\" >Slowenien<\/option><option value=\"Salomonen\" >Salomonen<\/option><option value=\"Somalia\" >Somalia<\/option><option value=\"S\u00fcdafrika\" >S\u00fcdafrika<\/option><option value=\"S\u00fcdgeorgien und die S\u00fcdlichen Sandwichinseln\" >S\u00fcdgeorgien und die S\u00fcdlichen Sandwichinseln<\/option><option value=\"S\u00fcdsudan\" >S\u00fcdsudan<\/option><option value=\"Spanien\" >Spanien<\/option><option value=\"Sri Lanka\" >Sri Lanka<\/option><option value=\"Sudan\" >Sudan<\/option><option value=\"Suriname\" >Suriname<\/option><option value=\"Svalbard und Jan Mayen\" >Svalbard und Jan Mayen<\/option><option value=\"Swasiland\" >Swasiland<\/option><option value=\"Schweden\" >Schweden<\/option><option value=\"Schweiz\" >Schweiz<\/option><option value=\"Syrien\" >Syrien<\/option><option value=\"Taiwan\" >Taiwan<\/option><option value=\"Tadschikistan\" >Tadschikistan<\/option><option value=\"Tansania\" >Tansania<\/option><option value=\"Thailand\" >Thailand<\/option><option value=\"Osttimor\" >Osttimor<\/option><option value=\"Togo\" >Togo<\/option><option value=\"Tokelau\" >Tokelau<\/option><option value=\"Tonga\" >Tonga<\/option><option value=\"Trinidad und Tobago\" >Trinidad und Tobago<\/option><option value=\"Tunesien\" >Tunesien<\/option><option value=\"T\u00fcrkei\" >T\u00fcrkei<\/option><option value=\"Turkmenistan\" >Turkmenistan<\/option><option value=\"Turks- und Caicosinseln\" >Turks- und Caicosinseln<\/option><option value=\"Tuvalu\" >Tuvalu<\/option><option value=\"Uganda\" >Uganda<\/option><option value=\"Ukraine\" >Ukraine<\/option><option value=\"Vereinigte Arabische Emirate\" >Vereinigte Arabische Emirate<\/option><option value=\"Vereinigtes K\u00f6nigreich\" >Vereinigtes K\u00f6nigreich<\/option><option value=\"USA\" >USA<\/option><option value=\"United States Minor Outlying Islands\" >Kleinere abgelegene Inseln der Vereinigten Staaten<\/option><option value=\"Uruguay\" >Uruguay<\/option><option value=\"Usbekistan\" >Usbekistan<\/option><option value=\"Vanuatu\" >Vanuatu<\/option><option value=\"Venezuela\" >Venezuela<\/option><option value=\"Vietnam\" >Vietnam<\/option><option value=\"Britische Jungferninseln\" >Britische Jungferninseln<\/option><option value=\"Amerikanische Jungferninseln\" >Amerikanische Jungferninseln<\/option><option value=\"Wallis und Futuna\" >Wallis und Futuna<\/option><option value=\"Westsahara\" >Westsahara<\/option><option value=\"Jemen\" >Jemen<\/option><option value=\"Sambia\" >Sambia<\/option><option value=\"Simbabwe\" >Simbabwe<\/option><\/select><\/div><\/div><\/div><div class=\"um-col-121\"><div  id=\"um_field_5163_tesch_street\" class=\"um-field um-field-text  um-field-tesch_street um-field-text um-field-type_text\" data-key=\"tesch_street\"><div class=\"um-field-label\"><label for=\"tesch_street-5163\">Stra\u00dfe<\/label><div class=\"um-clear\"><\/div><\/div><div class=\"um-field-area\"><input  autocomplete=\"off\" class=\"um-form-field valid \" type=\"text\" name=\"tesch_street-5163\" id=\"tesch_street-5163\" value=\"\" placeholder=\"\" data-validate=\"\" data-key=\"tesch_street\"  aria-invalid=\"false\" \/>\n\n\t\t\t\t\t\t<\/div><\/div><\/div><div class=\"um-col-122\"><div  id=\"um_field_5163_tesch_streetnumber\" class=\"um-field um-field-text  um-field-tesch_streetnumber um-field-text um-field-type_text\" data-key=\"tesch_streetnumber\"><div class=\"um-field-label\"><label for=\"tesch_streetnumber-5163\">Hausnummer<\/label><div class=\"um-clear\"><\/div><\/div><div class=\"um-field-area\"><input  autocomplete=\"off\" class=\"um-form-field valid \" type=\"text\" name=\"tesch_streetnumber-5163\" id=\"tesch_streetnumber-5163\" value=\"\" placeholder=\"\" data-validate=\"\" data-key=\"tesch_streetnumber\"  aria-invalid=\"false\" \/>\n\n\t\t\t\t\t\t<\/div><\/div><\/div><div class=\"um-clear\"><\/div><div class=\"um-col-121\"><div  id=\"um_field_5163_tesch_zip\" class=\"um-field um-field-text  um-field-tesch_zip um-field-text um-field-type_text\" data-key=\"tesch_zip\"><div class=\"um-field-label\"><label for=\"tesch_zip-5163\">PLZ<\/label><div class=\"um-clear\"><\/div><\/div><div class=\"um-field-area\"><input  autocomplete=\"off\" class=\"um-form-field valid \" type=\"text\" name=\"tesch_zip-5163\" id=\"tesch_zip-5163\" value=\"\" placeholder=\"\" data-validate=\"alpha_numeric\" data-key=\"tesch_zip\"  aria-invalid=\"false\" \/>\n\n\t\t\t\t\t\t<\/div><\/div><\/div><div class=\"um-col-122\"><div  id=\"um_field_5163_tesch_city\" class=\"um-field um-field-text  um-field-tesch_city um-field-text um-field-type_text\" data-key=\"tesch_city\"><div class=\"um-field-label\"><label for=\"tesch_city-5163\">Stadt<\/label><div class=\"um-clear\"><\/div><\/div><div class=\"um-field-area\"><input  autocomplete=\"off\" class=\"um-form-field valid \" type=\"text\" name=\"tesch_city-5163\" id=\"tesch_city-5163\" value=\"\" placeholder=\"\" data-validate=\"\" data-key=\"tesch_city\"  aria-invalid=\"false\" \/>\n\n\t\t\t\t\t\t<\/div><\/div><\/div><div class=\"um-clear\"><\/div><div class=\"um-col-1\"><div  id=\"um_field_5163_phone_number\" class=\"um-field um-field-tel  um-field-phone_number um-field-tel um-field-type_tel\" data-key=\"phone_number\"><div class=\"um-field-label\"><label for=\"phone_number-5163\">Telefonnummer<\/label><div class=\"um-clear\"><\/div><\/div><div class=\"um-field-area\"><input  autocomplete=\"off\" class=\"um-form-field valid \" type=\"tel\" name=\"phone_number-5163\" id=\"phone_number-5163\" value=\"\" placeholder=\"\" data-validate=\"phone_number\" data-key=\"phone_number\"  aria-invalid=\"false\" \/>\n\n\t\t\t\t\t\t<\/div><\/div><div  id=\"um_field_5163_user_email\" class=\"um-field um-field-text  um-field-user_email um-field-text um-field-type_text\" data-key=\"user_email\"><div class=\"um-field-label\"><label for=\"user_email-5163\">E-Mail Adresse<\/label><div class=\"um-clear\"><\/div><\/div><div class=\"um-field-area\"><input  autocomplete=\"off\" class=\"um-form-field valid \" type=\"text\" name=\"user_email-5163\" id=\"user_email-5163\" value=\"\" placeholder=\"\" data-validate=\"unique_email\" data-key=\"user_email\"  aria-invalid=\"false\" \/>\n\n\t\t\t\t\t\t<\/div><\/div><div  id=\"um_field_5163_user_password\" class=\"um-field um-field-password  um-field-user_password um-field-password um-field-type_password\" data-key=\"user_password\"><div class=\"um-field-label\"><label for=\"user_password-5163\">Passwort<\/label><div class=\"um-clear\"><\/div><\/div><div class=\"um-field-area\"><input class=\"um-form-field valid \" type=\"password\" name=\"user_password-5163\" id=\"user_password-5163\" value=\"\" placeholder=\"\" data-validate=\"\" data-key=\"user_password\"  aria-invalid=\"false\" \/>\n\n\t\t\t\t\t\t\t<\/div><\/div><div  id=\"um_field_5163_confirm_user_password\" class=\"um-field um-field-password  um-field-user_password um-field-password um-field-type_password\" data-key=\"confirm_user_password\"><div class=\"um-field-label\"><label for=\"confirm_user_password-5163\">Passwort best\u00e4tigen<\/label><div class=\"um-clear\"><\/div><\/div><div class=\"um-field-area\"><input class=\"um-form-field valid \" type=\"password\" name=\"confirm_user_password-5163\" id=\"confirm_user_password-5163\" value=\"\" placeholder=\"Passwort best\u00e4tigen\" data-validate=\"\" data-key=\"confirm_user_password\"  aria-invalid=\"false\" \/><\/div><\/div><div  class=\"um-field um-field-block  um-field-block um-field-type_block\" data-key=\"um_block_5163_16\"><small>Ihr Passwort muss zwischen 8 und 30 Zeichen lang sein, mindestens einen Kleinbuchstaben, einen Gro\u00dfbuchstaben und eine Zahl enthalten.<\/small><\/div><div  id=\"um_field_5163_tesch_dsgvo\" class=\"um-field um-field-checkbox  um-field-tesch_dsgvo um-field-checkbox um-field-type_checkbox\" data-key=\"tesch_dsgvo\"  aria-invalid=\"false\" ><div class=\"um-field-label\"><label for=\"tesch_dsgvo-5163\">Zustimmung<\/label><div class=\"um-clear\"><\/div><\/div><div class=\"um-field-area\"><label class=\"um-field-checkbox  um-field-half \"><input   type=\"checkbox\" name=\"tesch_dsgvo[]\" value=\"Hiermit stimme ich der Verarbeitung meiner Daten zu und best\u00e4tige, die Datenschutzerkl\u00e4rung gelesen zu haben.\"  \/><span class=\"um-field-checkbox-state\"><i class=\"um-icon-android-checkbox-outline-blank\"><\/i><\/span><span class=\"um-field-checkbox-option\">Hiermit stimme ich der Verarbeitung meiner Daten zu und best\u00e4tige, die &lt;a href=&quot;\/professionals\/datenschutz\/&quot; target=&quot;_blank&quot;&gt;Datenschutzerkl\u00e4rung&lt;\/a&gt; gelesen zu haben.<\/span><\/label><div class=\"um-clear\"><\/div><\/div><\/div><\/div><\/div>\t<input type=\"hidden\" name=\"form_id\" id=\"form_id_5163\" value=\"5163\" \/>\n\t\t<p class=\"um_request_name\">\n\t\t<label for=\"um_request_5163\">Only fill in if you are not human<\/label>\n\t\t<input type=\"hidden\" name=\"um_request\" id=\"um_request_5163\" class=\"input\" value=\"\" size=\"25\" autocomplete=\"off\" \/>\n\t<\/p>\n\t<input type=\"hidden\" id=\"_wpnonce\" name=\"_wpnonce\" value=\"13f89dc0f2\" \/><input type=\"hidden\" name=\"_wp_http_referer\" value=\"\/professionals\/wp-json\/wp\/v2\/pages\/5169\" \/>\n\t<div class=\"um-col-alt\">\n\n\t\t\n\t\t\t<div class=\"um-left um-half\">\n\t\t\t\t<input type=\"submit\" value=\"Registrierung abschlie\u00dfen\" class=\"um-button\" id=\"um-submit-btn\" \/>\n\t\t\t<\/div>\n\t\t\t<div class=\"um-right um-half\">\n\t\t\t\t<a href=\"https:\/\/www.weingut-tesch.de\/professionals\/login\/\" class=\"um-button um-alt\">\n\t\t\t\t\tMit bestehendem Konto anmelden\t\t\t\t<\/a>\n\t\t\t<\/div>\n\n\t\t\n\t\t<div class=\"um-clear\"><\/div>\n\n\t<\/div>\n\n\t\t\t<\/form>\n\t<\/div>\n<\/div>\n<style>\n\t\t\t.um-5163.um {\n\t\t\tmax-width: 100%;\n\t\t}\n\t\t<\/style>\n\n","protected":false},"excerpt":{"rendered":"","protected":false},"author":1,"featured_media":0,"parent":0,"menu_order":2003,"comment_status":"closed","ping_status":"closed","template":"","meta":{"footnotes":""},"class_list":["post-5169","page","type-page","status-publish","hentry"],"_links":{"self":[{"href":"https:\/\/www.weingut-tesch.de\/professionals\/wp-json\/wp\/v2\/pages\/5169","targetHints":{"allow":["GET"]}}],"collection":[{"href":"https:\/\/www.weingut-tesch.de\/professionals\/wp-json\/wp\/v2\/pages"}],"about":[{"href":"https:\/\/www.weingut-tesch.de\/professionals\/wp-json\/wp\/v2\/types\/page"}],"author":[{"embeddable":true,"href":"https:\/\/www.weingut-tesch.de\/professionals\/wp-json\/wp\/v2\/users\/1"}],"replies":[{"embeddable":true,"href":"https:\/\/www.weingut-tesch.de\/professionals\/wp-json\/wp\/v2\/comments?post=5169"}],"version-history":[{"count":2,"href":"https:\/\/www.weingut-tesch.de\/professionals\/wp-json\/wp\/v2\/pages\/5169\/revisions"}],"predecessor-version":[{"id":7416,"href":"https:\/\/www.weingut-tesch.de\/professionals\/wp-json\/wp\/v2\/pages\/5169\/revisions\/7416"}],"wp:attachment":[{"href":"https:\/\/www.weingut-tesch.de\/professionals\/wp-json\/wp\/v2\/media?parent=5169"}],"curies":[{"name":"wp","href":"https:\/\/api.w.org\/{rel}","templated":true}]}}